{"id":2,"date":"2023-12-19T11:33:46","date_gmt":"2023-12-19T14:33:46","guid":{"rendered":"https:\/\/sindticccba.org.br\/?page_id=2"},"modified":"2024-01-13T14:12:52","modified_gmt":"2024-01-13T17:12:52","slug":"pagina-exemplo","status":"publish","type":"page","link":"https:\/\/sindticccba.org.br\/index.php\/pagina-exemplo\/","title":{"rendered":"O Sindicato"},"content":{"rendered":"<p style=\"text-align: center;\"><span style=\"color: #ff0000;\"><strong><span style=\"font-size: 16px;\">HIST\u00d3RIA<\/span><\/strong><\/span><\/p>\n<hr \/>\n<p style=\"text-align: justify;\"><img loading=\"lazy\" decoding=\"async\" class=\"size-medium wp-image-569 alignleft\" src=\"https:\/\/sindticccba.org.br\/wp-content\/uploads\/2024\/01\/sindticcc.jpg3_-300x180.jpg\" alt=\"\" width=\"300\" height=\"180\" srcset=\"https:\/\/sindticccba.org.br\/wp-content\/uploads\/2024\/01\/sindticcc.jpg3_-300x180.jpg 300w, https:\/\/sindticccba.org.br\/wp-content\/uploads\/2024\/01\/sindticcc.jpg3_-768x461.jpg 768w, https:\/\/sindticccba.org.br\/wp-content\/uploads\/2024\/01\/sindticcc.jpg3_-150x90.jpg 150w, https:\/\/sindticccba.org.br\/wp-content\/uploads\/2024\/01\/sindticcc.jpg3_-696x418.jpg 696w, https:\/\/sindticccba.org.br\/wp-content\/uploads\/2024\/01\/sindticcc.jpg3_.jpg 1000w\" sizes=\"auto, (max-width: 300px) 100vw, 300px\" \/>Fundado no dia 21 de dezembro de 1980, o <strong>Sindticcc<\/strong> nasceu para representar os trabalhadores e trabalhadoras da <strong>constru\u00e7\u00e3o civil, montagem e manuten\u00e7\u00e3o industrial de Cama\u00e7ari e regi\u00e3o<\/strong>. Ao longo da sua exist\u00eancia, o sindicato liderou muitas campanhas salariais vitoriosas, fortaleceu a sua base e consolidou-se como refer\u00eancia na luta da classe trabalhadora, acumulando conquistas importantes para o conjunto da categoria.<\/p>\n<p style=\"text-align: justify;\">A hist\u00f3ria do Sindticcc se confunde com a trajet\u00f3ria de crescimento e industrializa\u00e7\u00e3o de Cama\u00e7ari, munic\u00edpio que se destaca como um dos principais polos tecnol\u00f3gicos do Brasil. O lema do sindicato, hoje e sempre, \u00e9 aquele que move cada trabalhador e trabalhadora: <strong>s\u00f3 conquista quem luta!\u00a0<\/strong><\/p>\n<p>&nbsp;<\/p>\n","protected":false},"excerpt":{"rendered":"<p>HIST\u00d3RIA Fundado no dia 21 de dezembro de 1980, o Sindticcc nasceu para representar os trabalhadores e trabalhadoras da constru\u00e7\u00e3o civil, montagem e manuten\u00e7\u00e3o industrial de Cama\u00e7ari e regi\u00e3o. Ao longo da sua exist\u00eancia, o sindicato liderou muitas campanhas salariais vitoriosas, fortaleceu a sua base e consolidou-se como refer\u00eancia na luta da classe trabalhadora, acumulando [&hellip;]<\/p>\n","protected":false},"author":2,"featured_media":610,"parent":0,"menu_order":0,"comment_status":"closed","ping_status":"closed","template":"","meta":{"footnotes":""},"class_list":["post-2","page","type-page","status-publish","has-post-thumbnail"],"_links":{"self":[{"href":"https:\/\/sindticccba.org.br\/index.php\/wp-json\/wp\/v2\/pages\/2","targetHints":{"allow":["GET"]}}],"collection":[{"href":"https:\/\/sindticccba.org.br\/index.php\/wp-json\/wp\/v2\/pages"}],"about":[{"href":"https:\/\/sindticccba.org.br\/index.php\/wp-json\/wp\/v2\/types\/page"}],"author":[{"embeddable":true,"href":"https:\/\/sindticccba.org.br\/index.php\/wp-json\/wp\/v2\/users\/2"}],"replies":[{"embeddable":true,"href":"https:\/\/sindticccba.org.br\/index.php\/wp-json\/wp\/v2\/comments?post=2"}],"version-history":[{"count":10,"href":"https:\/\/sindticccba.org.br\/index.php\/wp-json\/wp\/v2\/pages\/2\/revisions"}],"predecessor-version":[{"id":993,"href":"https:\/\/sindticccba.org.br\/index.php\/wp-json\/wp\/v2\/pages\/2\/revisions\/993"}],"wp:featuredmedia":[{"embeddable":true,"href":"https:\/\/sindticccba.org.br\/index.php\/wp-json\/wp\/v2\/media\/610"}],"wp:attachment":[{"href":"https:\/\/sindticccba.org.br\/index.php\/wp-json\/wp\/v2\/media?parent=2"}],"curies":[{"name":"wp","href":"https:\/\/api.w.org\/{rel}","templated":true}]}}